{"id":542,"date":"2017-11-14T18:09:45","date_gmt":"2017-11-14T18:09:45","guid":{"rendered":"http:\/\/wp-master-powergo.eliappwordpress1sto.elisys-servers.ca\/notre-equipe\/"},"modified":"2025-09-11T14:29:36","modified_gmt":"2025-09-11T18:29:36","slug":"notre-equipe","status":"publish","type":"page","link":"https:\/\/harleyvicto.com\/fr\/notre-equipe\/","title":{"rendered":"Notre \u00e9quipe"},"content":{"rendered":"<p>\u00c0 votre service depuis de nombreuses ann\u00e9es, Harley-Davidson Victoriaville est compos\u00e9 de gestionnaires bienveillants, de conseillers sp\u00e9cialis\u00e9s et attentifs, de techniciens qualifi\u00e9s et de m\u00e9caniciens d\u2019exp\u00e9rience.<\/p>\n<div class=\"textMore mobile\">\n<p>L\u2019\u00e9quipe de Harley-Davidson Victoriaville, c\u2019est aussi des gens passionn\u00e9s par les motos qui mettent \u00e0 contribution des comp\u00e9tences aussi riches que diversifi\u00e9es. Un objectif anime chacun d\u2019entre eux : <strong>offrir le meilleur service possible<\/strong> \u00e0 tous les clients qui passent les portes de la concession.<\/p>\n<p>Faites connaissance avec notre \u00e9quipe! N\u2019h\u00e9sitez pas \u00e0 <a href=\"https:\/\/harleyvicto.com\/fr\/contact\/\">communiquer avec nous<\/a> pour toute information suppl\u00e9mentaire sur nos produits, nos services et notre concession.<\/p>\n<\/div>\n","protected":false},"excerpt":{"rendered":"<p>\u00c0 votre service depuis de nombreuses ann\u00e9es, Harley-Davidson Victoriaville est compos\u00e9 de gestionnaires bienveillants, de conseillers sp\u00e9cialis\u00e9s et attentifs, de techniciens qualifi\u00e9s et de m\u00e9caniciens d\u2019exp\u00e9rience. L\u2019\u00e9quipe de Harley-Davidson Victoriaville, c\u2019est aussi des gens passionn\u00e9s par les motos qui mettent \u00e0 contribution des comp\u00e9tences aussi riches que diversifi\u00e9es. Un objectif anime chacun d\u2019entre eux : &hellip; <a href=\"https:\/\/harleyvicto.com\/fr\/notre-equipe\/\">Suite<\/a><\/p>\n","protected":false},"author":1,"featured_media":0,"parent":0,"menu_order":0,"comment_status":"closed","ping_status":"closed","template":"template-no-sidebar.php","meta":[],"acf":{"content_featured_type":"","contact_form_custom_form_id":false,"contact_form_custom_html_id":""},"_links":{"self":[{"href":"https:\/\/harleyvicto.com\/fr\/wp-json\/wp\/v2\/pages\/542"}],"collection":[{"href":"https:\/\/harleyvicto.com\/fr\/wp-json\/wp\/v2\/pages"}],"about":[{"href":"https:\/\/harleyvicto.com\/fr\/wp-json\/wp\/v2\/types\/page"}],"author":[{"embeddable":true,"href":"https:\/\/harleyvicto.com\/fr\/wp-json\/wp\/v2\/users\/1"}],"replies":[{"embeddable":true,"href":"https:\/\/harleyvicto.com\/fr\/wp-json\/wp\/v2\/comments?post=542"}],"version-history":[{"count":12,"href":"https:\/\/harleyvicto.com\/fr\/wp-json\/wp\/v2\/pages\/542\/revisions"}],"predecessor-version":[{"id":29745,"href":"https:\/\/harleyvicto.com\/fr\/wp-json\/wp\/v2\/pages\/542\/revisions\/29745"}],"wp:attachment":[{"href":"https:\/\/harleyvicto.com\/fr\/wp-json\/wp\/v2\/media?parent=542"}],"curies":[{"name":"wp","href":"https:\/\/api.w.org\/{rel}","templated":true}]}}