{"id":348,"date":"2017-11-09T19:10:12","date_gmt":"2017-11-10T00:10:12","guid":{"rendered":"http:\/\/wp-master-powergo.eliappwordpress1sto.elisys-servers.ca\/?page_id=348"},"modified":"2025-09-02T13:36:03","modified_gmt":"2025-09-02T17:36:03","slug":"pieces","status":"publish","type":"page","link":"https:\/\/harleyvicto.com\/fr\/pieces\/","title":{"rendered":"Pi\u00e8ces et accessoires"},"content":{"rendered":"<p>Harley-Davidson Victoriaville est fier de vous proposer une gamme compl\u00e8te de <strong>pi\u00e8ces et accessoires d\u2019origine \u00e0 Victoriaville<\/strong>.<\/p>\n<div class=\"textMore mobile\">\n<p>Retrouvez un inventaire vari\u00e9 de pi\u00e8ces <strong>Harley-Davidson<\/strong>! Informez-vous aupr\u00e8s de notre \u00e9quipe.<\/p>\n<p>Notre d\u00e9partement des pi\u00e8ces et accessoires est fier de vous offrir :<\/p>\n<ul>\n<li>Personnel courtois, rapide et efficace<\/li>\n<li>Pi\u00e8ces d\u2019origine Harley-Davidson<\/li>\n<\/ul>\n<p>Pour de plus amples renseignements ou pour des conseils en lien avec nos produits, <a href=\"https:\/\/harleyvicto.com\/fr\/contact\/\">contactez nos professionnels<\/a>. Ils connaissent l\u2019inventaire comme le fond de leur poche et se font une mission de trouver ce qui r\u00e9pondra le mieux \u00e0 vos besoins.<\/p>\n<p>Faites une bonne affaire et consultez nos <a href=\"https:\/\/harleyvicto.com\/fr\/promotions\/\">promotions<\/a> en cours!<\/p>\n<\/div>\n","protected":false},"excerpt":{"rendered":"<p>Harley-Davidson Victoriaville est fier de vous proposer une gamme compl\u00e8te de pi\u00e8ces et accessoires d\u2019origine \u00e0 Victoriaville. Retrouvez un inventaire vari\u00e9 de pi\u00e8ces Harley-Davidson! Informez-vous aupr\u00e8s de notre \u00e9quipe. Notre d\u00e9partement des pi\u00e8ces et accessoires est fier de vous offrir : Personnel courtois, rapide et efficace Pi\u00e8ces d\u2019origine Harley-Davidson Pour de plus amples renseignements ou &hellip; <a href=\"https:\/\/harleyvicto.com\/fr\/pieces\/\">Suite<\/a><\/p>\n","protected":false},"author":1,"featured_media":0,"parent":0,"menu_order":0,"comment_status":"closed","ping_status":"closed","template":"template-parts.php","meta":[],"acf":{"content_featured_type":"image","content_featured_slider":false,"content_featured_image":{"ID":29729,"id":29729,"title":"img-pieces","filename":"img-pieces.jpg","filesize":193967,"url":"https:\/\/harleyvicto.com\/wp-content\/uploads\/2025\/08\/img-pieces.jpg","link":"https:\/\/harleyvicto.com\/fr\/service-apres-vente\/img-pieces\/","alt":"","author":"1","description":"","caption":"","name":"img-pieces","status":"inherit","uploaded_to":293,"date":"2025-08-29 20:42:38","modified":"2025-08-29 20:42:38","menu_order":0,"mime_type":"image\/jpeg","type":"image","subtype":"jpeg","icon":"https:\/\/harleyvicto.com\/wp-includes\/images\/media\/default.png","width":750,"height":330,"sizes":{"thumbnail":"https:\/\/harleyvicto.com\/wp-content\/uploads\/2025\/08\/img-pieces-150x150.jpg","thumbnail-width":150,"thumbnail-height":150,"medium":"https:\/\/harleyvicto.com\/wp-content\/uploads\/2025\/08\/img-pieces-300x132.jpg","medium-width":300,"medium-height":132,"medium_large":"https:\/\/harleyvicto.com\/wp-content\/uploads\/2025\/08\/img-pieces.jpg","medium_large-width":750,"medium_large-height":330,"large":"https:\/\/harleyvicto.com\/wp-content\/uploads\/2025\/08\/img-pieces.jpg","large-width":750,"large-height":330,"1536x1536":"https:\/\/harleyvicto.com\/wp-content\/uploads\/2025\/08\/img-pieces.jpg","1536x1536-width":750,"1536x1536-height":330,"2048x2048":"https:\/\/harleyvicto.com\/wp-content\/uploads\/2025\/08\/img-pieces.jpg","2048x2048-width":750,"2048x2048-height":330,"article-details":"https:\/\/harleyvicto.com\/wp-content\/uploads\/2025\/08\/img-pieces-745x328.jpg","article-details-width":745,"article-details-height":328,"article-listing":"https:\/\/harleyvicto.com\/wp-content\/uploads\/2025\/08\/img-pieces-745x328.jpg","article-listing-width":745,"article-listing-height":328,"event-details":"https:\/\/harleyvicto.com\/wp-content\/uploads\/2025\/08\/img-pieces-745x328.jpg","event-details-width":745,"event-details-height":328,"event-listing":"https:\/\/harleyvicto.com\/wp-content\/uploads\/2025\/08\/img-pieces-745x328.jpg","event-listing-width":745,"event-listing-height":328,"feat-article":"https:\/\/harleyvicto.com\/wp-content\/uploads\/2025\/08\/img-pieces-720x317.jpg","feat-article-width":720,"feat-article-height":317,"feat-cta":"https:\/\/harleyvicto.com\/wp-content\/uploads\/2025\/08\/img-pieces-745x328.jpg","feat-cta-width":745,"feat-cta-height":328,"feat-content":"https:\/\/harleyvicto.com\/wp-content\/uploads\/2025\/08\/img-pieces-745x328.jpg","feat-content-width":745,"feat-content-height":328,"feat-event":"https:\/\/harleyvicto.com\/wp-content\/uploads\/2025\/08\/img-pieces-720x317.jpg","feat-event-width":720,"feat-event-height":317,"feat-makes":"https:\/\/harleyvicto.com\/wp-content\/uploads\/2025\/08\/img-pieces-182x80.jpg","feat-makes-width":182,"feat-makes-height":80,"feat-related":"https:\/\/harleyvicto.com\/wp-content\/uploads\/2025\/08\/img-pieces-720x317.jpg","feat-related-width":720,"feat-related-height":317,"filter-category":"https:\/\/harleyvicto.com\/wp-content\/uploads\/2025\/08\/img-pieces-486x330.jpg","filter-category-width":486,"filter-category-height":330,"products-listing-new":"https:\/\/harleyvicto.com\/wp-content\/uploads\/2025\/08\/img-pieces-460x202.jpg","products-listing-new-width":460,"products-listing-new-height":202,"products-gallery":"https:\/\/harleyvicto.com\/wp-content\/uploads\/2025\/08\/img-pieces-745x328.jpg","products-gallery-width":745,"products-gallery-height":328,"promos-details":"https:\/\/harleyvicto.com\/wp-content\/uploads\/2025\/08\/img-pieces-745x328.jpg","promos-details-width":745,"promos-details-height":328,"promos-listing":"https:\/\/harleyvicto.com\/wp-content\/uploads\/2025\/08\/img-pieces-745x328.jpg","promos-listing-width":745,"promos-listing-height":328,"relative-product-article":"https:\/\/harleyvicto.com\/wp-content\/uploads\/2025\/08\/img-pieces-745x328.jpg","relative-product-article-width":745,"relative-product-article-height":328,"relative-product-event":"https:\/\/harleyvicto.com\/wp-content\/uploads\/2025\/08\/img-pieces-745x328.jpg","relative-product-event-width":745,"relative-product-event-height":328,"relative-product-new":"https:\/\/harleyvicto.com\/wp-content\/uploads\/2025\/08\/img-pieces-690x304.jpg","relative-product-new-width":690,"relative-product-new-height":304,"relative-product-promo":"https:\/\/harleyvicto.com\/wp-content\/uploads\/2025\/08\/img-pieces-745x328.jpg","relative-product-promo-width":745,"relative-product-promo-height":328,"slider-main":"https:\/\/harleyvicto.com\/wp-content\/uploads\/2025\/08\/img-pieces.jpg","slider-main-width":750,"slider-main-height":330,"slider-main-mobile":"https:\/\/harleyvicto.com\/wp-content\/uploads\/2025\/08\/img-pieces.jpg","slider-main-mobile-width":750,"slider-main-mobile-height":330,"slider-main-fullwidth":"https:\/\/harleyvicto.com\/wp-content\/uploads\/2025\/08\/img-pieces.jpg","slider-main-fullwidth-width":750,"slider-main-fullwidth-height":330,"slider-main-fullwidth-narrow":"https:\/\/harleyvicto.com\/wp-content\/uploads\/2025\/08\/img-pieces.jpg","slider-main-fullwidth-narrow-width":750,"slider-main-fullwidth-narrow-height":330,"map-footer":"https:\/\/harleyvicto.com\/wp-content\/uploads\/2025\/08\/img-pieces.jpg","map-footer-width":750,"map-footer-height":330,"map-footer-mobile":"https:\/\/harleyvicto.com\/wp-content\/uploads\/2025\/08\/img-pieces.jpg","map-footer-mobile-width":750,"map-footer-mobile-height":330,"map-footer-fullwidth":"https:\/\/harleyvicto.com\/wp-content\/uploads\/2025\/08\/img-pieces.jpg","map-footer-fullwidth-width":750,"map-footer-fullwidth-height":330,"map-footer-fullwidth-narrow":"https:\/\/harleyvicto.com\/wp-content\/uploads\/2025\/08\/img-pieces.jpg","map-footer-fullwidth-narrow-width":750,"map-footer-fullwidth-narrow-height":330,"team-listing":"https:\/\/harleyvicto.com\/wp-content\/uploads\/2025\/08\/img-pieces-450x198.jpg","team-listing-width":450,"team-listing-height":198,"team-sidebar":"https:\/\/harleyvicto.com\/wp-content\/uploads\/2025\/08\/img-pieces-720x317.jpg","team-sidebar-width":720,"team-sidebar-height":317,"history-timeline":"https:\/\/harleyvicto.com\/wp-content\/uploads\/2025\/08\/img-pieces-380x167.jpg","history-timeline-width":380,"history-timeline-height":167,"automatic-popup":"https:\/\/harleyvicto.com\/wp-content\/uploads\/2025\/08\/img-pieces.jpg","automatic-popup-width":750,"automatic-popup-height":330,"wc-feat-brands":"https:\/\/harleyvicto.com\/wp-content\/uploads\/2025\/08\/img-pieces-170x75.jpg","wc-feat-brands-width":170,"wc-feat-brands-height":75,"wc-products-details-brands":"https:\/\/harleyvicto.com\/wp-content\/uploads\/2025\/08\/img-pieces-170x75.jpg","wc-products-details-brands-width":170,"wc-products-details-brands-height":75}},"contact_form_custom_form_id":false,"contact_form_custom_html_id":""},"_links":{"self":[{"href":"https:\/\/harleyvicto.com\/fr\/wp-json\/wp\/v2\/pages\/348"}],"collection":[{"href":"https:\/\/harleyvicto.com\/fr\/wp-json\/wp\/v2\/pages"}],"about":[{"href":"https:\/\/harleyvicto.com\/fr\/wp-json\/wp\/v2\/types\/page"}],"author":[{"embeddable":true,"href":"https:\/\/harleyvicto.com\/fr\/wp-json\/wp\/v2\/users\/1"}],"replies":[{"embeddable":true,"href":"https:\/\/harleyvicto.com\/fr\/wp-json\/wp\/v2\/comments?post=348"}],"version-history":[{"count":7,"href":"https:\/\/harleyvicto.com\/fr\/wp-json\/wp\/v2\/pages\/348\/revisions"}],"predecessor-version":[{"id":29744,"href":"https:\/\/harleyvicto.com\/fr\/wp-json\/wp\/v2\/pages\/348\/revisions\/29744"}],"wp:attachment":[{"href":"https:\/\/harleyvicto.com\/fr\/wp-json\/wp\/v2\/media?parent=348"}],"curies":[{"name":"wp","href":"https:\/\/api.w.org\/{rel}","templated":true}]}}