{"id":3123,"date":"2017-12-26T16:38:28","date_gmt":"2017-12-26T21:38:28","guid":{"rendered":"http:\/\/wp-pgs-master.eliappwordpress1sto.elisys-servers.ca\/?page_id=3123"},"modified":"2025-09-12T14:03:28","modified_gmt":"2025-09-12T18:03:28","slug":"locations","status":"publish","type":"page","link":"https:\/\/harleyvicto.com\/fr\/locations\/","title":{"rendered":"Produits en location"},"content":{"rendered":"<p><img class=\"\" src=\"https:\/\/harleyvicto.com\/wp-content\/uploads\/2025\/09\/Harley-Location.webp\" alt=\"\" \/><\/p>\n<h2><\/h2>\n<section id=\"row-208760\" class=\"PB-row paddingTop paddingBottom contentSpacing mobileColumnLayout\">\n<div class=\"PB-container \">\n<div id=\"block-293359\" class=\"PB-block--text fr-view PB-block PB-span-12 filterEffect-- hideControls animation-duration--1s animation-delay--0s alignTop\">\n<div class=\"PB-block--text-content\">\n<h2>LOCATION \u00c0 PARTIR DE 200,00$ PAR JOUR<\/h2>\n<ul>\n<li>Plan de location flexible<\/li>\n<li>S\u00e9lection de motos adapt\u00e9e \u00e0 votre style de conduite<\/li>\n<li>Kilom\u00e9trage illimit\u00e9<\/li>\n<\/ul>\n<\/div>\n<\/div>\n<\/div>\n<\/section>\n<h2><\/h2>\n<h2>Softail<\/h2>\n<table>\n<tbody>\n<tr>\n<td><img src=\"https:\/\/harleyvicto.com\/wp-content\/uploads\/2025\/08\/3f2fe96205a710c416fe3fa23054b8e3_256521c0cf1ac4e0.webp\" alt=\"\" \/><\/td>\n<td><img src=\"https:\/\/harleyvicto.com\/wp-content\/uploads\/2025\/08\/f648c47eff3a4c8935ace7b76706d1f9_af93cb85e13daa26.webp\" alt=\"\" \/><\/td>\n<\/tr>\n<\/tbody>\n<\/table>\n<h2>Touring<\/h2>\n<table>\n<tbody>\n<tr>\n<td><img src=\"https:\/\/harleyvicto.com\/wp-content\/uploads\/2025\/08\/0286d280b492ca3f5b72730a4c8634cb_f2be7897145a47fd.webp\" alt=\"\" \/><\/td>\n<td><img src=\"https:\/\/harleyvicto.com\/wp-content\/uploads\/2025\/08\/5afa491d3d816257f4fe1f9bf58b4c94_29ba125cb9df4809.webp\" alt=\"\" \/><\/td>\n<\/tr>\n<\/tbody>\n<\/table>\n<h2>Touring<\/h2>\n<table>\n<tbody>\n<tr>\n<td><img src=\"https:\/\/harleyvicto.com\/wp-content\/uploads\/2025\/08\/88404de5417ad8f5833f2e30a5f7c24d_049dd8d4c32cf8fa.webp\" alt=\"\" \/><\/td>\n<td><img src=\"https:\/\/harleyvicto.com\/wp-content\/uploads\/2025\/08\/5afa491d3d816257f4fe1f9bf58b4c94_29ba125cb9df4809-1.webp\" alt=\"\" \/><\/td>\n<\/tr>\n<\/tbody>\n<\/table>\n<h2>CONDITIONS DE LOCATION POUR LES MOTOS<\/h2>\n<p><strong><u>Heures de location<\/u><\/strong><\/p>\n<ul>\n<li>Du lundi au vendredi de 9 : 00 am \u00e0 9 : 00 am (24 heures)<\/li>\n<li>Samedi, d\u00e9part \u00e0 10 h et retour \u00e0 16 h pour location d\u2019une journ\u00e9e (dimanche ferm\u00e9)<\/li>\n<li>Frais de retard : 50$ \/ heure<\/li>\n<\/ul>\n<p><strong><u>Crit\u00e8res exig\u00e9s pour la location :<\/u><\/strong><\/p>\n<ul>\n<li>\u00catre d\u00e9tenteur d\u2019un permis de moto classe 6A valide.<\/li>\n<li>Avoir 21 ans et plus.<\/li>\n<li>Port du casque obligatoire.<\/li>\n<li>D\u00e9p\u00f4t de garantie de 1500$ sur carte de cr\u00e9dit en cas de bris<\/li>\n<\/ul>\n<p><strong><u>Prendre en note :<\/u><\/strong><\/p>\n<ul>\n<li>En cas de mauvais temps, la location peut \u00eatre d\u00e9plac\u00e9e.<\/li>\n<li>L\u2019assurance collision est incluse dans le prix de location.<\/li>\n<li>Un d\u00e9p\u00f4t de 100$ en garantie est exig\u00e9 pour la r\u00e9servation.<\/li>\n<li>Les avis d\u2019annulation doivent nous parvenir 48 heures \u00e0 l\u2019avance, sinon le d\u00e9p\u00f4t en garantie ne pourra \u00eatre rembours\u00e9.<\/li>\n<li>Le d\u00e9ductible d\u2019assurance en cas d\u2019accident est de 2 500$<\/li>\n<li>Nous offrons la location de casques et de manteau de moto.<\/li>\n<li>Les prix sont sujets \u00e0 changements sans pr\u00e9avis.<\/li>\n<\/ul>\n","protected":false},"excerpt":{"rendered":"<p>LOCATION \u00c0 PARTIR DE 200,00$ PAR JOUR Plan de location flexible S\u00e9lection de motos adapt\u00e9e \u00e0 votre style de conduite Kilom\u00e9trage illimit\u00e9 Softail Touring Touring CONDITIONS DE LOCATION POUR LES MOTOS Heures de location Du lundi au vendredi de 9 : 00 am \u00e0 9 : 00 am (24 heures) Samedi, d\u00e9part \u00e0 10 h &hellip; <a href=\"https:\/\/harleyvicto.com\/fr\/locations\/\">Suite<\/a><\/p>\n","protected":false},"author":1,"featured_media":0,"parent":0,"menu_order":0,"comment_status":"closed","ping_status":"closed","template":"template-listing-rental-products.php","meta":[],"acf":{"content_featured_type":"","contact_form_custom_form_id":false,"contact_form_custom_html_id":""},"_links":{"self":[{"href":"https:\/\/harleyvicto.com\/fr\/wp-json\/wp\/v2\/pages\/3123"}],"collection":[{"href":"https:\/\/harleyvicto.com\/fr\/wp-json\/wp\/v2\/pages"}],"about":[{"href":"https:\/\/harleyvicto.com\/fr\/wp-json\/wp\/v2\/types\/page"}],"author":[{"embeddable":true,"href":"https:\/\/harleyvicto.com\/fr\/wp-json\/wp\/v2\/users\/1"}],"replies":[{"embeddable":true,"href":"https:\/\/harleyvicto.com\/fr\/wp-json\/wp\/v2\/comments?post=3123"}],"version-history":[{"count":6,"href":"https:\/\/harleyvicto.com\/fr\/wp-json\/wp\/v2\/pages\/3123\/revisions"}],"predecessor-version":[{"id":29761,"href":"https:\/\/harleyvicto.com\/fr\/wp-json\/wp\/v2\/pages\/3123\/revisions\/29761"}],"wp:attachment":[{"href":"https:\/\/harleyvicto.com\/fr\/wp-json\/wp\/v2\/media?parent=3123"}],"curies":[{"name":"wp","href":"https:\/\/api.w.org\/{rel}","templated":true}]}}