{"id":309,"date":"2017-11-09T15:15:05","date_gmt":"2017-11-09T20:15:05","guid":{"rendered":"http:\/\/wp-master-powergo.eliappwordpress1sto.elisys-servers.ca\/?page_id=309"},"modified":"2025-09-02T13:29:29","modified_gmt":"2025-09-02T17:29:29","slug":"motocyclettes","status":"publish","type":"page","link":"https:\/\/harleyvicto.com\/fr\/motocyclettes\/","title":{"rendered":"Motocyclettes neuves"},"content":{"rendered":"<p>Harley-Davidson Victoriaville est fier de vous offrir la cr\u00e8me de la cr\u00e8me des <strong>motos neuves<\/strong>! \u00c0 tout moment de l\u2019ann\u00e9e, parcourez la plus grande s\u00e9lection de bolides qui combleront toutes vos envies d\u2019aventure!<\/p>\n<div class=\"textMore\">\n<p>Prenez d\u2019assaut les routes du Qu\u00e9bec \u00e0 bord d\u2019une <strong>moto neuve Harley-Davidson<\/strong>. Consultez nos <a href=\"https:\/\/harleyvicto.com\/fr\/promotions\/\">promotions<\/a> du moment et trouvez-y une offre ou un rabais qui fera votre affaire!<\/p>\n<p>Pour toute question, <a href=\"https:\/\/harleyvicto.com\/fr\/contact\/\">communiquez avec nos professionnels<\/a>! Ils sauront vous conseiller et vous guider vers le meilleur choix pour vous. En tout temps, passez nous voir en concession chez <strong>Harley-Davidson Victoriaville \u00e0 Victoriaville<\/strong>! Nous vous recevrons avec plaisir.<\/p>\n<\/div>\n","protected":false},"excerpt":{"rendered":"<p>Harley-Davidson Victoriaville est fier de vous offrir la cr\u00e8me de la cr\u00e8me des motos neuves! \u00c0 tout moment de l\u2019ann\u00e9e, parcourez la plus grande s\u00e9lection de bolides qui combleront toutes vos envies d\u2019aventure! Prenez d\u2019assaut les routes du Qu\u00e9bec \u00e0 bord d\u2019une moto neuve Harley-Davidson. Consultez nos promotions du moment et trouvez-y une offre ou &hellip; <a href=\"https:\/\/harleyvicto.com\/fr\/motocyclettes\/\">Suite<\/a><\/p>\n","protected":false},"author":1,"featured_media":0,"parent":0,"menu_order":0,"comment_status":"closed","ping_status":"closed","template":"template-listing-new-products.php","meta":[],"acf":{"content_featured_type":"","page_arg_new":true,"page_arg_new_category":[{"value":"motorcycle","label":"Motocyclettes"}],"page_arg_new_make":[],"contact_form_custom_html_id":"","page_arg_instock":false,"page_arg_new_type":false,"contact_form_custom_form_id":false},"_links":{"self":[{"href":"https:\/\/harleyvicto.com\/fr\/wp-json\/wp\/v2\/pages\/309"}],"collection":[{"href":"https:\/\/harleyvicto.com\/fr\/wp-json\/wp\/v2\/pages"}],"about":[{"href":"https:\/\/harleyvicto.com\/fr\/wp-json\/wp\/v2\/types\/page"}],"author":[{"embeddable":true,"href":"https:\/\/harleyvicto.com\/fr\/wp-json\/wp\/v2\/users\/1"}],"replies":[{"embeddable":true,"href":"https:\/\/harleyvicto.com\/fr\/wp-json\/wp\/v2\/comments?post=309"}],"version-history":[{"count":9,"href":"https:\/\/harleyvicto.com\/fr\/wp-json\/wp\/v2\/pages\/309\/revisions"}],"predecessor-version":[{"id":29738,"href":"https:\/\/harleyvicto.com\/fr\/wp-json\/wp\/v2\/pages\/309\/revisions\/29738"}],"wp:attachment":[{"href":"https:\/\/harleyvicto.com\/fr\/wp-json\/wp\/v2\/media?parent=309"}],"curies":[{"name":"wp","href":"https:\/\/api.w.org\/{rel}","templated":true}]}}