{"id":303,"date":"2017-11-09T15:10:39","date_gmt":"2017-11-09T15:10:39","guid":{"rendered":"http:\/\/wp-master-powergo.eliappwordpress1sto.elisys-servers.ca\/?page_id=303"},"modified":"2025-09-02T13:31:04","modified_gmt":"2025-09-02T17:31:04","slug":"produits-occasion","status":"publish","type":"page","link":"https:\/\/harleyvicto.com\/fr\/produits-occasion\/","title":{"rendered":"Inventaire d\u2019occasion"},"content":{"rendered":"<p>Envie de vous procurer une nouvelle machine sans la facture d\u2019une <a href=\"https:\/\/harleyvicto.com\/fr\/inventaire-neuf\/\">moto neuve<\/a>? Notre <strong>inventaire d\u2019occasion<\/strong> est l\u2019endroit o\u00f9 il faut \u00eatre!<\/p>\n<div class=\"textMore\">\n<p>Notre inventaire de seconde main est compos\u00e9 de <strong>motos Harley-Davidson<\/strong>. Soyez rassur\u00e9s, toutes nos motos usag\u00e9es sont soumises \u00e0 l\u2019inspection rigoureuse de notre \u00e9quipe de techniciens d\u2019exp\u00e9rience. Avec notre <a href=\"https:\/\/harleyvicto.com\/fr\/service-apres-vente\/\">d\u00e9partement de service<\/a> comp\u00e9tent, partez \u00e0 l\u2019aventure l\u2019esprit tranquille!<\/p>\n<p>Un mod\u00e8le en particulier vous est tomb\u00e9 dans l&rsquo;\u0153il? Vous avez des questions concernant notre inventaire d\u2019occasion? <a href=\"https:\/\/harleyvicto.com\/fr\/contact\/\">Contactez notre \u00e9quipe d\u2019experts<\/a>! Ils sauront vous guider et vous conseiller avec plaisir.<\/p>\n<p>Passez nous voir en concession chez Harley-Davidson Victoriaville \u00e0 <strong>Victoriaville<\/strong>, dans la grande r\u00e9gion de Centre-du-Qu\u00e9bec!<\/p>\n<\/div>\n","protected":false},"excerpt":{"rendered":"<p>Envie de vous procurer une nouvelle machine sans la facture d\u2019une moto neuve? Notre inventaire d\u2019occasion est l\u2019endroit o\u00f9 il faut \u00eatre! Notre inventaire de seconde main est compos\u00e9 de motos Harley-Davidson. Soyez rassur\u00e9s, toutes nos motos usag\u00e9es sont soumises \u00e0 l\u2019inspection rigoureuse de notre \u00e9quipe de techniciens d\u2019exp\u00e9rience. Avec notre d\u00e9partement de service comp\u00e9tent, &hellip; <a href=\"https:\/\/harleyvicto.com\/fr\/produits-occasion\/\">Suite<\/a><\/p>\n","protected":false},"author":1,"featured_media":0,"parent":0,"menu_order":0,"comment_status":"closed","ping_status":"closed","template":"template-listing-used-products.php","meta":[],"acf":{"content_featured_type":"","page_arg_used":true,"page_arg_custom":false,"page_arg_filters_used":[{"field":"condition","compare":"=","value":"V\u00e9hicule d'occasion","type":""}],"contact_form_custom_html_id":"","contact_form_custom_form_id":false},"_links":{"self":[{"href":"https:\/\/harleyvicto.com\/fr\/wp-json\/wp\/v2\/pages\/303"}],"collection":[{"href":"https:\/\/harleyvicto.com\/fr\/wp-json\/wp\/v2\/pages"}],"about":[{"href":"https:\/\/harleyvicto.com\/fr\/wp-json\/wp\/v2\/types\/page"}],"author":[{"embeddable":true,"href":"https:\/\/harleyvicto.com\/fr\/wp-json\/wp\/v2\/users\/1"}],"replies":[{"embeddable":true,"href":"https:\/\/harleyvicto.com\/fr\/wp-json\/wp\/v2\/comments?post=303"}],"version-history":[{"count":11,"href":"https:\/\/harleyvicto.com\/fr\/wp-json\/wp\/v2\/pages\/303\/revisions"}],"predecessor-version":[{"id":29739,"href":"https:\/\/harleyvicto.com\/fr\/wp-json\/wp\/v2\/pages\/303\/revisions\/29739"}],"wp:attachment":[{"href":"https:\/\/harleyvicto.com\/fr\/wp-json\/wp\/v2\/media?parent=303"}],"curies":[{"name":"wp","href":"https:\/\/api.w.org\/{rel}","templated":true}]}}