{"id":301,"date":"2017-11-09T15:02:51","date_gmt":"2017-11-09T15:02:51","guid":{"rendered":"http:\/\/wp-master-powergo.eliappwordpress1sto.elisys-servers.ca\/?page_id=301"},"modified":"2025-09-11T16:17:32","modified_gmt":"2025-09-11T20:17:32","slug":"contact","status":"publish","type":"page","link":"https:\/\/harleyvicto.com\/fr\/contact\/","title":{"rendered":"Contactez-nous"},"content":{"rendered":"<p data-pm-slice=\"1 1 []\">NOUS SOMMES SITU\u00c9S \u00c0 VICTORIAVILLE, ENTRE MONTREAL, SHERBROOKE, QU\u00c9BEC, TROIS-RIVI\u00c8RES ET DRUMMONDVILLE!<\/p>\n<p data-pm-slice=\"1 1 []\">WE ALSO SPEAK ENGLISH.<\/p>\n","protected":false},"excerpt":{"rendered":"<p>NOUS SOMMES SITU\u00c9S \u00c0 VICTORIAVILLE, ENTRE MONTREAL, SHERBROOKE, QU\u00c9BEC, TROIS-RIVI\u00c8RES ET DRUMMONDVILLE! WE ALSO SPEAK ENGLISH.<\/p>\n","protected":false},"author":1,"featured_media":0,"parent":0,"menu_order":0,"comment_status":"closed","ping_status":"closed","template":"template-contact.php","meta":[],"acf":{"content_featured_type":"image","content_featured_image":{"ID":29727,"id":29727,"title":"img-nousjoindre","filename":"img-nousjoindre.jpg","filesize":236824,"url":"https:\/\/harleyvicto.com\/wp-content\/uploads\/2025\/08\/img-nousjoindre.jpg","link":"https:\/\/harleyvicto.com\/fr\/service-apres-vente\/img-nousjoindre\/","alt":"","author":"1","description":"","caption":"","name":"img-nousjoindre","status":"inherit","uploaded_to":293,"date":"2025-08-29 20:42:36","modified":"2025-08-29 20:42:36","menu_order":0,"mime_type":"image\/jpeg","type":"image","subtype":"jpeg","icon":"https:\/\/harleyvicto.com\/wp-includes\/images\/media\/default.png","width":750,"height":450,"sizes":{"thumbnail":"https:\/\/harleyvicto.com\/wp-content\/uploads\/2025\/08\/img-nousjoindre-150x150.jpg","thumbnail-width":150,"thumbnail-height":150,"medium":"https:\/\/harleyvicto.com\/wp-content\/uploads\/2025\/08\/img-nousjoindre-300x180.jpg","medium-width":300,"medium-height":180,"medium_large":"https:\/\/harleyvicto.com\/wp-content\/uploads\/2025\/08\/img-nousjoindre.jpg","medium_large-width":750,"medium_large-height":450,"large":"https:\/\/harleyvicto.com\/wp-content\/uploads\/2025\/08\/img-nousjoindre.jpg","large-width":750,"large-height":450,"1536x1536":"https:\/\/harleyvicto.com\/wp-content\/uploads\/2025\/08\/img-nousjoindre.jpg","1536x1536-width":750,"1536x1536-height":450,"2048x2048":"https:\/\/harleyvicto.com\/wp-content\/uploads\/2025\/08\/img-nousjoindre.jpg","2048x2048-width":750,"2048x2048-height":450,"article-details":"https:\/\/harleyvicto.com\/wp-content\/uploads\/2025\/08\/img-nousjoindre-745x447.jpg","article-details-width":745,"article-details-height":447,"article-listing":"https:\/\/harleyvicto.com\/wp-content\/uploads\/2025\/08\/img-nousjoindre-745x447.jpg","article-listing-width":745,"article-listing-height":447,"event-details":"https:\/\/harleyvicto.com\/wp-content\/uploads\/2025\/08\/img-nousjoindre-745x447.jpg","event-details-width":745,"event-details-height":447,"event-listing":"https:\/\/harleyvicto.com\/wp-content\/uploads\/2025\/08\/img-nousjoindre-745x447.jpg","event-listing-width":745,"event-listing-height":447,"feat-article":"https:\/\/harleyvicto.com\/wp-content\/uploads\/2025\/08\/img-nousjoindre-720x432.jpg","feat-article-width":720,"feat-article-height":432,"feat-cta":"https:\/\/harleyvicto.com\/wp-content\/uploads\/2025\/08\/img-nousjoindre-745x447.jpg","feat-cta-width":745,"feat-cta-height":447,"feat-content":"https:\/\/harleyvicto.com\/wp-content\/uploads\/2025\/08\/img-nousjoindre-745x447.jpg","feat-content-width":745,"feat-content-height":447,"feat-event":"https:\/\/harleyvicto.com\/wp-content\/uploads\/2025\/08\/img-nousjoindre-720x432.jpg","feat-event-width":720,"feat-event-height":432,"feat-makes":"https:\/\/harleyvicto.com\/wp-content\/uploads\/2025\/08\/img-nousjoindre-133x80.jpg","feat-makes-width":133,"feat-makes-height":80,"feat-related":"https:\/\/harleyvicto.com\/wp-content\/uploads\/2025\/08\/img-nousjoindre-720x432.jpg","feat-related-width":720,"feat-related-height":432,"filter-category":"https:\/\/harleyvicto.com\/wp-content\/uploads\/2025\/08\/img-nousjoindre-486x450.jpg","filter-category-width":486,"filter-category-height":450,"products-listing-new":"https:\/\/harleyvicto.com\/wp-content\/uploads\/2025\/08\/img-nousjoindre-460x276.jpg","products-listing-new-width":460,"products-listing-new-height":276,"products-gallery":"https:\/\/harleyvicto.com\/wp-content\/uploads\/2025\/08\/img-nousjoindre-745x447.jpg","products-gallery-width":745,"products-gallery-height":447,"promos-details":"https:\/\/harleyvicto.com\/wp-content\/uploads\/2025\/08\/img-nousjoindre-745x447.jpg","promos-details-width":745,"promos-details-height":447,"promos-listing":"https:\/\/harleyvicto.com\/wp-content\/uploads\/2025\/08\/img-nousjoindre-745x447.jpg","promos-listing-width":745,"promos-listing-height":447,"relative-product-article":"https:\/\/harleyvicto.com\/wp-content\/uploads\/2025\/08\/img-nousjoindre-745x447.jpg","relative-product-article-width":745,"relative-product-article-height":447,"relative-product-event":"https:\/\/harleyvicto.com\/wp-content\/uploads\/2025\/08\/img-nousjoindre-745x447.jpg","relative-product-event-width":745,"relative-product-event-height":447,"relative-product-new":"https:\/\/harleyvicto.com\/wp-content\/uploads\/2025\/08\/img-nousjoindre-690x414.jpg","relative-product-new-width":690,"relative-product-new-height":414,"relative-product-promo":"https:\/\/harleyvicto.com\/wp-content\/uploads\/2025\/08\/img-nousjoindre-745x447.jpg","relative-product-promo-width":745,"relative-product-promo-height":447,"slider-main":"https:\/\/harleyvicto.com\/wp-content\/uploads\/2025\/08\/img-nousjoindre.jpg","slider-main-width":750,"slider-main-height":450,"slider-main-mobile":"https:\/\/harleyvicto.com\/wp-content\/uploads\/2025\/08\/img-nousjoindre.jpg","slider-main-mobile-width":750,"slider-main-mobile-height":450,"slider-main-fullwidth":"https:\/\/harleyvicto.com\/wp-content\/uploads\/2025\/08\/img-nousjoindre.jpg","slider-main-fullwidth-width":750,"slider-main-fullwidth-height":450,"slider-main-fullwidth-narrow":"https:\/\/harleyvicto.com\/wp-content\/uploads\/2025\/08\/img-nousjoindre.jpg","slider-main-fullwidth-narrow-width":750,"slider-main-fullwidth-narrow-height":450,"map-footer":"https:\/\/harleyvicto.com\/wp-content\/uploads\/2025\/08\/img-nousjoindre-750x400.jpg","map-footer-width":750,"map-footer-height":400,"map-footer-mobile":"https:\/\/harleyvicto.com\/wp-content\/uploads\/2025\/08\/img-nousjoindre.jpg","map-footer-mobile-width":750,"map-footer-mobile-height":450,"map-footer-fullwidth":"https:\/\/harleyvicto.com\/wp-content\/uploads\/2025\/08\/img-nousjoindre-750x400.jpg","map-footer-fullwidth-width":750,"map-footer-fullwidth-height":400,"map-footer-fullwidth-narrow":"https:\/\/harleyvicto.com\/wp-content\/uploads\/2025\/08\/img-nousjoindre-750x400.jpg","map-footer-fullwidth-narrow-width":750,"map-footer-fullwidth-narrow-height":400,"team-listing":"https:\/\/harleyvicto.com\/wp-content\/uploads\/2025\/08\/img-nousjoindre-450x270.jpg","team-listing-width":450,"team-listing-height":270,"team-sidebar":"https:\/\/harleyvicto.com\/wp-content\/uploads\/2025\/08\/img-nousjoindre-720x432.jpg","team-sidebar-width":720,"team-sidebar-height":432,"history-timeline":"https:\/\/harleyvicto.com\/wp-content\/uploads\/2025\/08\/img-nousjoindre-380x228.jpg","history-timeline-width":380,"history-timeline-height":228,"automatic-popup":"https:\/\/harleyvicto.com\/wp-content\/uploads\/2025\/08\/img-nousjoindre.jpg","automatic-popup-width":750,"automatic-popup-height":450,"wc-feat-brands":"https:\/\/harleyvicto.com\/wp-content\/uploads\/2025\/08\/img-nousjoindre-125x75.jpg","wc-feat-brands-width":125,"wc-feat-brands-height":75,"wc-products-details-brands":"https:\/\/harleyvicto.com\/wp-content\/uploads\/2025\/08\/img-nousjoindre-125x75.jpg","wc-products-details-brands-width":125,"wc-products-details-brands-height":75}},"content_featured_slider":false,"content_featured_video":"https:\/\/www.youtube.com\/watch?v=8tpztxVfKrg","contact_form_custom_html_id":"","contact_form_custom_form_id":false},"_links":{"self":[{"href":"https:\/\/harleyvicto.com\/fr\/wp-json\/wp\/v2\/pages\/301"}],"collection":[{"href":"https:\/\/harleyvicto.com\/fr\/wp-json\/wp\/v2\/pages"}],"about":[{"href":"https:\/\/harleyvicto.com\/fr\/wp-json\/wp\/v2\/types\/page"}],"author":[{"embeddable":true,"href":"https:\/\/harleyvicto.com\/fr\/wp-json\/wp\/v2\/users\/1"}],"replies":[{"embeddable":true,"href":"https:\/\/harleyvicto.com\/fr\/wp-json\/wp\/v2\/comments?post=301"}],"version-history":[{"count":26,"href":"https:\/\/harleyvicto.com\/fr\/wp-json\/wp\/v2\/pages\/301\/revisions"}],"predecessor-version":[{"id":29757,"href":"https:\/\/harleyvicto.com\/fr\/wp-json\/wp\/v2\/pages\/301\/revisions\/29757"}],"wp:attachment":[{"href":"https:\/\/harleyvicto.com\/fr\/wp-json\/wp\/v2\/media?parent=301"}],"curies":[{"name":"wp","href":"https:\/\/api.w.org\/{rel}","templated":true}]}}