{"id":30082,"date":"2026-04-24T11:32:02","date_gmt":"2026-04-24T15:32:02","guid":{"rendered":"https:\/\/harleyvicto.com\/?page_id=30082"},"modified":"2026-04-24T11:32:53","modified_gmt":"2026-04-24T15:32:53","slug":"les-journees-dessai","status":"publish","type":"page","link":"https:\/\/harleyvicto.com\/fr\/les-journees-dessai\/","title":{"rendered":"Les journ\u00e9es d&rsquo;essai"},"content":{"rendered":"<p><strong>8 MAI \u2013 16 MAI 2026<br \/>\n<\/strong><\/p>\n<p>Joignez-vous \u00e0 nous pour les Journ\u00e9es d\u2019essai routier, du vendredi 8 mai au samedi 16 mai. Ne manquez pas votre chance de d\u00e9couvrir toute la gamme 2026.<\/p>\n<p>\u00b7 Faites un essai sur une nouvelle moto et obtenez une casquette Harley-Davidson\u00ae exclusive*<\/p>\n<p>\u00b7 Essayez de nouveaux v\u00eatements et \u00e9quipements de conduite pour toutes vos aventures sur route et hors route<\/p>\n<p>\u00b7 D\u00e9couvrez les derni\u00e8res pi\u00e8ces et accessoires pour personnaliser votre moto en termes d\u2019ajustement, de fonctionnalit\u00e9, de style et de performance<\/p>\n<p><img loading=\"lazy\" class=\"\" src=\"https:\/\/hdrimouski.com\/wp-content\/uploads\/2026\/04\/Hat-Image.webp\" alt=\"\" width=\"232\" height=\"232\" \/><\/p>\n<p><strong>INT\u00c9RESS\u00c9 PAR UN ESSAI ROUTIER?<\/strong><\/p>\n<p>Faites partie des 30 premi\u00e8res personnes \u00e0 remplir le formulaire ci-dessous pour r\u00e9server un cadeau bonus. **Un membre de notre \u00e9quipe vous contactera pour planifier votre essai.<\/p>\n<div role=\"form\" class=\"wpcf7\" id=\"wpcf7-f29374-o1\" lang=\"en-US\" dir=\"ltr\">\n<div class=\"screen-reader-response\"><p role=\"status\" aria-live=\"polite\" aria-atomic=\"true\"><\/p> <ul><\/ul><\/div>\n<form action=\"\/fr\/wp-json\/wp\/v2\/pages\/30082#wpcf7-f29374-o1\" method=\"post\" class=\"wpcf7-form init mailchimp-ext-0.4.56\" novalidate=\"novalidate\" data-status=\"init\">\n<div style=\"display: none;\">\n<input type=\"hidden\" name=\"_wpcf7\" value=\"29374\" \/>\n<input type=\"hidden\" name=\"_wpcf7_version\" value=\"5.3.2\" \/>\n<input type=\"hidden\" name=\"_wpcf7_locale\" value=\"en_US\" \/>\n<input type=\"hidden\" name=\"_wpcf7_unit_tag\" value=\"wpcf7-f29374-o1\" \/>\n<input type=\"hidden\" name=\"_wpcf7_container_post\" value=\"0\" \/>\n<input type=\"hidden\" name=\"_wpcf7_posted_data_hash\" value=\"\" \/>\n<input type=\"hidden\" name=\"uuid\" value=\"8fe7c706-4cb5-4e0d-af79-5e6011c8bd4a\" \/>\n<input type=\"hidden\" name=\"session_id\" value=\"\" \/>\n<input type=\"hidden\" name=\"_wpcf7_recaptcha_response\" value=\"\" \/>\n<\/div>\n<div class=\"conf-msg\">\n  <p>Votre message a bien \u00e9t\u00e9 envoy\u00e9.<\/p>\n  <p>Nous vous r\u00e9pondrons tr\u00e8s bient\u00f4t.<\/p>\n<\/div>\n\n<div class=\"wpcf7-response-output\" aria-hidden=\"true\"><\/div><p style=\"display: none !important\"><span class=\"wpcf7-form-control-wrap referer-page\"><input type=\"hidden\" name=\"referer-page\" value=\"direct visit\" class=\"wpcf7-form-control wpcf7-text referer-page\" aria-invalid=\"false\"><\/span><\/p>\n<!-- Chimpmail extension by Renzo Johnson -->\n\n<div class=\"fieldsets\">\n  <fieldset>\n    <div class=\"content\">\n      <fieldset>\n        <div class=\"content split\">\n          <div class=\"form-group name\">\n            <label for=\"first-name-29374\">Pr\u00e9nom : <span class=\"form-required\" title=\"Ce champ est requis.\">*<\/span><\/label>\n            <div class=\"input-group\">\n              <div class=\"input-group-addon\"><\/div>\n              <span class=\"wpcf7-form-control-wrap first-name\"><input type=\"text\" name=\"first-name\" value=\"\" size=\"40\" class=\"wpcf7-form-control wpcf7-text wpcf7-validates-as-required form-control\" id=\"first-name-29374\" aria-required=\"true\" aria-invalid=\"false\" placeholder=\"Pr\u00e9nom : *\" \/><\/span>\n            <\/div>\n          <\/div>\n\n          <div class=\"form-group name\">\n            <label for=\"last-name-29374\">Nom : <span class=\"form-required\" title=\"Ce champ est requis.\">*<\/span><\/label>\n            <div class=\"input-group\">\n              <div class=\"input-group-addon\"><\/div>\n              <span class=\"wpcf7-form-control-wrap last-name\"><input type=\"text\" name=\"last-name\" value=\"\" size=\"40\" class=\"wpcf7-form-control wpcf7-text wpcf7-validates-as-required form-control\" id=\"last-name-29374\" aria-required=\"true\" aria-invalid=\"false\" placeholder=\"Nom : *\" \/><\/span>\n            <\/div>\n          <\/div>\n\n          <div class=\"form-group phone\">\n            <label for=\"phone-29374\">T\u00e9l\u00e9phone : <span class=\"form-required\" title=\"Ce champ est requis.\">*<\/span><\/label>\n            <div class=\"input-group\">\n              <div class=\"input-group-addon\"><\/div>\n              <span class=\"wpcf7-form-control-wrap phone\"><input type=\"text\" name=\"phone\" value=\"\" size=\"40\" class=\"wpcf7-form-control wpcf7-text wpcf7-validates-as-required form-control\" id=\"phone-29374\" aria-required=\"true\" aria-invalid=\"false\" placeholder=\"T\u00e9l\u00e9phone : *\" \/><\/span>\n            <\/div>\n          <\/div>\n\n          <div class=\"form-group email\">\n            <label for=\"email-29374\">Courriel : <span class=\"form-required\" title=\"Ce champ est requis.\">*<\/span><\/label>\n            <div class=\"input-group\">\n              <div class=\"input-group-addon\"><\/div>\n              <span class=\"wpcf7-form-control-wrap email\"><input type=\"email\" name=\"email\" value=\"\" size=\"40\" class=\"wpcf7-form-control wpcf7-text wpcf7-email wpcf7-validates-as-required wpcf7-validates-as-email form-control\" id=\"email-29374\" aria-required=\"true\" aria-invalid=\"false\" placeholder=\"Courriel : *\" \/><\/span>\n            <\/div>\n          <\/div>\n        <\/div>\n      <\/fieldset>\n\n      <fieldset>\n        <div class=\"content\">\n          <div class=\"form-group purchase-timeframe select has-label\">\n            <label for=\"purchase-timeframe-29374\">Pr\u00e9voyez-vous acheter une moto dans un avenir proche? <span class=\"form-required\" title=\"Ce champ est requis.\">*<\/span><\/label>\n            <div class=\"input-group\">\n              <div class=\"input-group-addon\"><\/div>\n              <span class=\"wpcf7-form-control-wrap purchase-timeframe\"><select name=\"purchase-timeframe\" class=\"wpcf7-form-control wpcf7-select wpcf7-validates-as-required form-control\" id=\"purchase-timeframe-29374\" aria-required=\"true\" aria-invalid=\"false\"><option value=\"\">- S\u00e9lectionner -<\/option><option value=\"Oui, dans moins de 3 mois\">Oui, dans moins de 3 mois<\/option><option value=\"Oui, dans 4 \u00e0 12 mois\">Oui, dans 4 \u00e0 12 mois<\/option><option value=\"Oui, dans 1 \u00e0 3 ans\">Oui, dans 1 \u00e0 3 ans<\/option><option value=\"Oui, dans plus de 4 ans\">Oui, dans plus de 4 ans<\/option><option value=\"Incertain\">Incertain<\/option><option value=\"Non\">Non<\/option><\/select><\/span>\n            <\/div>\n          <\/div>\n\n          <div class=\"form-group message\">\n            <label for=\"message-29374\">Questions\/Commentaires :<\/label>\n            <div class=\"input-group\">\n              <div class=\"input-group-addon\"><\/div>\n              <span class=\"wpcf7-form-control-wrap message\"><textarea name=\"message\" cols=\"40\" rows=\"10\" class=\"wpcf7-form-control wpcf7-textarea form-control\" id=\"message-29374\" aria-invalid=\"false\" placeholder=\"Questions\/Commentaires :\"><\/textarea><\/span>\n            <\/div>\n          <\/div>\n        <\/div>\n      <\/fieldset>\n    <\/div>\n  <\/fieldset>\n\n  <fieldset class=\"actions\">\n    <div class=\"content\">\n      <div class=\"main\">\n        <div class=\"form-group newsletter checkbox\">\n          <span class=\"wpcf7-form-control-wrap newsletter\"><span class=\"wpcf7-form-control wpcf7-acceptance optional\"><span class=\"wpcf7-list-item\"><input type=\"checkbox\" name=\"newsletter\" value=\"1\" aria-invalid=\"false\" id=\"newsletter-29374\" \/><\/span><\/span><\/span>\n          <label for=\"newsletter-29374\">Abonnez-vous \u00e0 notre infolettre.<\/label>\n        <\/div>\n      <\/div>\n\n      <div class=\"form-action\">\n        <input type=\"submit\" value=\"Soumettre\" class=\"wpcf7-form-control wpcf7-submit\" \/>\n      <\/div>\n    <\/div>\n  <\/fieldset>\n\n  <fieldset class=\"hidden\">\n    <span class=\"wpcf7-form-control-wrap make\"><input type=\"text\" name=\"make\" value=\"Harley-Davidson\" size=\"40\" class=\"wpcf7-form-control wpcf7-text\" id=\"make-29374\" aria-invalid=\"false\" \/><\/span>\n    <span class=\"wpcf7-form-control-wrap lead-source\"><input type=\"text\" name=\"lead-source\" value=\"National Event RSVP\" size=\"40\" class=\"wpcf7-form-control wpcf7-text\" id=\"lead-source-29374\" aria-invalid=\"false\" \/><\/span>\n    <input type=\"hidden\" name=\"iAdfLead\" value=\"0\" >\n<input type=\"hidden\" name=\"sAdfLeadType\" value=\"landing\" >\n<input type=\"hidden\" name=\"sAdfPostId\" value=\"30082\" >\n<input type=\"hidden\" name=\"sAdfTitleContext\" value=\"Les journ\u00e9es d&rsquo;essai\" >\n<input type=\"hidden\" name=\"sAdfVehicleStatus\" value=\"new\" >\n<input type=\"hidden\" name=\"sAdfVehicleInterest\" value=\"buy\" >\n<input type=\"hidden\" name=\"sAdfVehicleYear\" value=\"\" >\n<input type=\"hidden\" name=\"sAdfVehicleMake\" value=\"\" >\n<input type=\"hidden\" name=\"sAdfVehicleModel\" value=\"\" >\n<input type=\"hidden\" name=\"sAdfVehicleBodystyle\" value=\"\" >\n  <\/fieldset>\n<\/div><\/form><\/div>\n<h5><span style=\"text-decoration: underline;\"><strong>AVIS CONCERNANT LA CASQUETTE<\/strong> <\/span><\/h5>\n<h5>*Jusqu\u2019\u00e0 \u00e9puisement des stocks. Offre r\u00e9serv\u00e9e aux r\u00e9sidents des \u00c9tats-Unis (excluant Hawa\u00ef) et du Canada; 18 ans et plus. Le participant admissible doit visiter un concessionnaire Harley-Davidson\u00ae participant et effectuer un essai admissible sur une nouvelle moto Harley-Davidson\u00ae entre le 8 mai 2026 et le 16 mai 2026 pour recevoir une casquette \u00e9dition limit\u00e9e. L\u2019offre prend fin le 16 mai 2026 ou lorsque le stock de 18 000 casquettes est \u00e9coul\u00e9, selon la premi\u00e8re \u00e9ventualit\u00e9. Limite d\u2019une (1) casquette par participant admissible. La casquette n\u2019a aucune valeur mon\u00e9taire. La promotion peut \u00eatre modifi\u00e9e sans pr\u00e9avis. Consultez les concessionnaires Harley-Davidson participants pour conna\u00eetre les modalit\u00e9s compl\u00e8tes, y compris les exigences relatives aux essais. Commanditaire : Harley-Davidson Motor Co., 3700 W. Juneau Ave., Milwaukee, WI 53208.<\/h5>\n<h5>**Jusqu\u2019\u00e0 \u00e9puisement des stocks. Limite de 1 par personne. Offre limit\u00e9e aux 30 premiers participants qui r\u00e9servent \u00e0 l\u2019avance et compl\u00e8tent un essai.<\/h5>\n<h5>\u00a92026 Harley-Davidson Canada Inc. Tous droits r\u00e9serv\u00e9s. HARLEY-DAVIDSON, HARLEY, H-D et le logo Bar and Shield sont des marques de commerce de Harley-Davidson Motor Company, Inc. Les marques de tiers sont la propri\u00e9t\u00e9 de leurs d\u00e9tenteurs respectifs.<\/h5>\n","protected":false},"excerpt":{"rendered":"<p>8 MAI \u2013 16 MAI 2026 Joignez-vous \u00e0 nous pour les Journ\u00e9es d\u2019essai routier, du vendredi 8 mai au samedi 16 mai. Ne manquez pas votre chance de d\u00e9couvrir toute la gamme 2026. \u00b7 Faites un essai sur une nouvelle moto et obtenez une casquette Harley-Davidson\u00ae exclusive* \u00b7 Essayez de nouveaux v\u00eatements et \u00e9quipements de &hellip; <a href=\"https:\/\/harleyvicto.com\/fr\/les-journees-dessai\/\">Suite<\/a><\/p>\n","protected":false},"author":1,"featured_media":0,"parent":0,"menu_order":0,"comment_status":"closed","ping_status":"closed","template":"template-no-sidebar.php","meta":[],"acf":{"contact_form_custom_form_id":false,"contact_form_custom_html_id":""},"_links":{"self":[{"href":"https:\/\/harleyvicto.com\/fr\/wp-json\/wp\/v2\/pages\/30082"}],"collection":[{"href":"https:\/\/harleyvicto.com\/fr\/wp-json\/wp\/v2\/pages"}],"about":[{"href":"https:\/\/harleyvicto.com\/fr\/wp-json\/wp\/v2\/types\/page"}],"author":[{"embeddable":true,"href":"https:\/\/harleyvicto.com\/fr\/wp-json\/wp\/v2\/users\/1"}],"replies":[{"embeddable":true,"href":"https:\/\/harleyvicto.com\/fr\/wp-json\/wp\/v2\/comments?post=30082"}],"version-history":[{"count":1,"href":"https:\/\/harleyvicto.com\/fr\/wp-json\/wp\/v2\/pages\/30082\/revisions"}],"predecessor-version":[{"id":30083,"href":"https:\/\/harleyvicto.com\/fr\/wp-json\/wp\/v2\/pages\/30082\/revisions\/30083"}],"wp:attachment":[{"href":"https:\/\/harleyvicto.com\/fr\/wp-json\/wp\/v2\/media?parent=30082"}],"curies":[{"name":"wp","href":"https:\/\/api.w.org\/{rel}","templated":true}]}}