{"id":293,"date":"2017-11-09T14:57:54","date_gmt":"2017-11-09T14:57:54","guid":{"rendered":"http:\/\/wp-master-powergo.eliappwordpress1sto.elisys-servers.ca\/?page_id=293"},"modified":"2025-09-02T13:34:49","modified_gmt":"2025-09-02T17:34:49","slug":"service-apres-vente","status":"publish","type":"page","link":"https:\/\/harleyvicto.com\/fr\/service-apres-vente\/","title":{"rendered":"Entretien et r\u00e9parations"},"content":{"rendered":"<p>Confier son v\u00e9hicule aux mains expertes des techniciens de Harley-Davidson Victoriaville \u00e0 Victoriaville, c\u2019est repartir \u00e0 bord de sa moto enti\u00e8rement en confiance et en s\u00e9curit\u00e9. Nous n\u2019utilisons que des produits de la plus haute qualit\u00e9 pour votre moto.<\/p>\n<div class=\"textMore mobile\">\n<p>Harley-Davidson Victoriaville vous offre le meilleur service de la r\u00e9gion de Centre-du-Qu\u00e9bec! Nos techniciens d\u2019exp\u00e9rience et certifi\u00e9s Harley-Davidson vous proposent une vaste gamme de services :<\/p>\n<ul>\n<li>Service \u00e0 la client\u00e8le personnalis\u00e9<\/li>\n<li>Entretien r\u00e9gulier<\/li>\n<li>Entretiens saisonniers<\/li>\n<li>Service d\u2019entreposage<\/li>\n<li>Hivernisation<\/li>\n<li>Et plus encore!<\/li>\n<\/ul>\n<p>Notez que toutes les <strong>r\u00e9parations<\/strong> effectu\u00e9es chez nous ne sont faites qu\u2019avec des pi\u00e8ces d\u2019origine. Vous souhaitez en commander? Profitez de l\u2019expertise et de la vari\u00e9t\u00e9 de notre <a href=\"https:\/\/harleyvicto.com\/fr\/pieces\/\">d\u00e9partement des pi\u00e8ces et accessoires<\/a> pour le faire!<\/p>\n<p>Faites r\u00e9guli\u00e8rement un tour du c\u00f4t\u00e9 de nos <a href=\"https:\/\/harleyvicto.com\/fr\/promotions\/\">promotions<\/a> et ne ratez jamais une occasion d\u2019\u00e9conomiser!<\/p>\n<p>Pour toute question ou demande d\u2019information, <a href=\"https:\/\/harleyvicto.com\/fr\/contact\/\">communiquez avec nous<\/a>!<\/p>\n<\/div>\n","protected":false},"excerpt":{"rendered":"<p>Confier son v\u00e9hicule aux mains expertes des techniciens de Harley-Davidson Victoriaville \u00e0 Victoriaville, c\u2019est repartir \u00e0 bord de sa moto enti\u00e8rement en confiance et en s\u00e9curit\u00e9. Nous n\u2019utilisons que des produits de la plus haute qualit\u00e9 pour votre moto. Harley-Davidson Victoriaville vous offre le meilleur service de la r\u00e9gion de Centre-du-Qu\u00e9bec! Nos techniciens d\u2019exp\u00e9rience et &hellip; <a href=\"https:\/\/harleyvicto.com\/fr\/service-apres-vente\/\">Suite<\/a><\/p>\n","protected":false},"author":1,"featured_media":0,"parent":0,"menu_order":0,"comment_status":"closed","ping_status":"closed","template":"template-service.php","meta":[],"acf":{"content_featured_type":"image","content_featured_image":{"ID":29731,"id":29731,"title":"img-SERVICE","filename":"img-SERVICE.jpg","filesize":135733,"url":"https:\/\/harleyvicto.com\/wp-content\/uploads\/2025\/08\/img-SERVICE.jpg","link":"https:\/\/harleyvicto.com\/fr\/service-apres-vente\/img-service\/","alt":"","author":"1","description":"","caption":"","name":"img-service","status":"inherit","uploaded_to":293,"date":"2025-08-29 20:42:40","modified":"2025-08-29 20:42:40","menu_order":0,"mime_type":"image\/jpeg","type":"image","subtype":"jpeg","icon":"https:\/\/harleyvicto.com\/wp-includes\/images\/media\/default.png","width":750,"height":330,"sizes":{"thumbnail":"https:\/\/harleyvicto.com\/wp-content\/uploads\/2025\/08\/img-SERVICE-150x150.jpg","thumbnail-width":150,"thumbnail-height":150,"medium":"https:\/\/harleyvicto.com\/wp-content\/uploads\/2025\/08\/img-SERVICE-300x132.jpg","medium-width":300,"medium-height":132,"medium_large":"https:\/\/harleyvicto.com\/wp-content\/uploads\/2025\/08\/img-SERVICE.jpg","medium_large-width":750,"medium_large-height":330,"large":"https:\/\/harleyvicto.com\/wp-content\/uploads\/2025\/08\/img-SERVICE.jpg","large-width":750,"large-height":330,"1536x1536":"https:\/\/harleyvicto.com\/wp-content\/uploads\/2025\/08\/img-SERVICE.jpg","1536x1536-width":750,"1536x1536-height":330,"2048x2048":"https:\/\/harleyvicto.com\/wp-content\/uploads\/2025\/08\/img-SERVICE.jpg","2048x2048-width":750,"2048x2048-height":330,"article-details":"https:\/\/harleyvicto.com\/wp-content\/uploads\/2025\/08\/img-SERVICE-745x328.jpg","article-details-width":745,"article-details-height":328,"article-listing":"https:\/\/harleyvicto.com\/wp-content\/uploads\/2025\/08\/img-SERVICE-745x328.jpg","article-listing-width":745,"article-listing-height":328,"event-details":"https:\/\/harleyvicto.com\/wp-content\/uploads\/2025\/08\/img-SERVICE-745x328.jpg","event-details-width":745,"event-details-height":328,"event-listing":"https:\/\/harleyvicto.com\/wp-content\/uploads\/2025\/08\/img-SERVICE-745x328.jpg","event-listing-width":745,"event-listing-height":328,"feat-article":"https:\/\/harleyvicto.com\/wp-content\/uploads\/2025\/08\/img-SERVICE-720x317.jpg","feat-article-width":720,"feat-article-height":317,"feat-cta":"https:\/\/harleyvicto.com\/wp-content\/uploads\/2025\/08\/img-SERVICE-745x328.jpg","feat-cta-width":745,"feat-cta-height":328,"feat-content":"https:\/\/harleyvicto.com\/wp-content\/uploads\/2025\/08\/img-SERVICE-745x328.jpg","feat-content-width":745,"feat-content-height":328,"feat-event":"https:\/\/harleyvicto.com\/wp-content\/uploads\/2025\/08\/img-SERVICE-720x317.jpg","feat-event-width":720,"feat-event-height":317,"feat-makes":"https:\/\/harleyvicto.com\/wp-content\/uploads\/2025\/08\/img-SERVICE-182x80.jpg","feat-makes-width":182,"feat-makes-height":80,"feat-related":"https:\/\/harleyvicto.com\/wp-content\/uploads\/2025\/08\/img-SERVICE-720x317.jpg","feat-related-width":720,"feat-related-height":317,"filter-category":"https:\/\/harleyvicto.com\/wp-content\/uploads\/2025\/08\/img-SERVICE-486x330.jpg","filter-category-width":486,"filter-category-height":330,"products-listing-new":"https:\/\/harleyvicto.com\/wp-content\/uploads\/2025\/08\/img-SERVICE-460x202.jpg","products-listing-new-width":460,"products-listing-new-height":202,"products-gallery":"https:\/\/harleyvicto.com\/wp-content\/uploads\/2025\/08\/img-SERVICE-745x328.jpg","products-gallery-width":745,"products-gallery-height":328,"promos-details":"https:\/\/harleyvicto.com\/wp-content\/uploads\/2025\/08\/img-SERVICE-745x328.jpg","promos-details-width":745,"promos-details-height":328,"promos-listing":"https:\/\/harleyvicto.com\/wp-content\/uploads\/2025\/08\/img-SERVICE-745x328.jpg","promos-listing-width":745,"promos-listing-height":328,"relative-product-article":"https:\/\/harleyvicto.com\/wp-content\/uploads\/2025\/08\/img-SERVICE-745x328.jpg","relative-product-article-width":745,"relative-product-article-height":328,"relative-product-event":"https:\/\/harleyvicto.com\/wp-content\/uploads\/2025\/08\/img-SERVICE-745x328.jpg","relative-product-event-width":745,"relative-product-event-height":328,"relative-product-new":"https:\/\/harleyvicto.com\/wp-content\/uploads\/2025\/08\/img-SERVICE-690x304.jpg","relative-product-new-width":690,"relative-product-new-height":304,"relative-product-promo":"https:\/\/harleyvicto.com\/wp-content\/uploads\/2025\/08\/img-SERVICE-745x328.jpg","relative-product-promo-width":745,"relative-product-promo-height":328,"slider-main":"https:\/\/harleyvicto.com\/wp-content\/uploads\/2025\/08\/img-SERVICE.jpg","slider-main-width":750,"slider-main-height":330,"slider-main-mobile":"https:\/\/harleyvicto.com\/wp-content\/uploads\/2025\/08\/img-SERVICE.jpg","slider-main-mobile-width":750,"slider-main-mobile-height":330,"slider-main-fullwidth":"https:\/\/harleyvicto.com\/wp-content\/uploads\/2025\/08\/img-SERVICE.jpg","slider-main-fullwidth-width":750,"slider-main-fullwidth-height":330,"slider-main-fullwidth-narrow":"https:\/\/harleyvicto.com\/wp-content\/uploads\/2025\/08\/img-SERVICE.jpg","slider-main-fullwidth-narrow-width":750,"slider-main-fullwidth-narrow-height":330,"map-footer":"https:\/\/harleyvicto.com\/wp-content\/uploads\/2025\/08\/img-SERVICE.jpg","map-footer-width":750,"map-footer-height":330,"map-footer-mobile":"https:\/\/harleyvicto.com\/wp-content\/uploads\/2025\/08\/img-SERVICE.jpg","map-footer-mobile-width":750,"map-footer-mobile-height":330,"map-footer-fullwidth":"https:\/\/harleyvicto.com\/wp-content\/uploads\/2025\/08\/img-SERVICE.jpg","map-footer-fullwidth-width":750,"map-footer-fullwidth-height":330,"map-footer-fullwidth-narrow":"https:\/\/harleyvicto.com\/wp-content\/uploads\/2025\/08\/img-SERVICE.jpg","map-footer-fullwidth-narrow-width":750,"map-footer-fullwidth-narrow-height":330,"team-listing":"https:\/\/harleyvicto.com\/wp-content\/uploads\/2025\/08\/img-SERVICE-450x198.jpg","team-listing-width":450,"team-listing-height":198,"team-sidebar":"https:\/\/harleyvicto.com\/wp-content\/uploads\/2025\/08\/img-SERVICE-720x317.jpg","team-sidebar-width":720,"team-sidebar-height":317,"history-timeline":"https:\/\/harleyvicto.com\/wp-content\/uploads\/2025\/08\/img-SERVICE-380x167.jpg","history-timeline-width":380,"history-timeline-height":167,"automatic-popup":"https:\/\/harleyvicto.com\/wp-content\/uploads\/2025\/08\/img-SERVICE.jpg","automatic-popup-width":750,"automatic-popup-height":330,"wc-feat-brands":"https:\/\/harleyvicto.com\/wp-content\/uploads\/2025\/08\/img-SERVICE-170x75.jpg","wc-feat-brands-width":170,"wc-feat-brands-height":75,"wc-products-details-brands":"https:\/\/harleyvicto.com\/wp-content\/uploads\/2025\/08\/img-SERVICE-170x75.jpg","wc-products-details-brands-width":170,"wc-products-details-brands-height":75}},"content_featured_slider":[{"ID":356,"id":356,"title":"placeholder-slider-main2","filename":"placeholder-slider-main2.png","filesize":7260,"url":"https:\/\/harleyvicto.com\/wp-content\/uploads\/2017\/11\/placeholder-slider-main2.png","link":"https:\/\/harleyvicto.com\/fr\/placeholder-slider-main2\/","alt":"","author":"1","description":"","caption":"","name":"placeholder-slider-main2","status":"inherit","uploaded_to":0,"date":"2017-11-09 21:12:37","modified":"2017-11-09 21:12:42","menu_order":0,"mime_type":"image\/png","type":"image","subtype":"png","icon":"https:\/\/harleyvicto.com\/wp-includes\/images\/media\/default.png","width":1170,"height":477,"sizes":{"thumbnail":"https:\/\/harleyvicto.com\/wp-content\/uploads\/2017\/11\/placeholder-slider-main2-150x150.png","thumbnail-width":150,"thumbnail-height":150,"medium":"https:\/\/harleyvicto.com\/wp-content\/uploads\/2017\/11\/placeholder-slider-main2-300x122.png","medium-width":300,"medium-height":122,"medium_large":"https:\/\/harleyvicto.com\/wp-content\/uploads\/2017\/11\/placeholder-slider-main2-768x313.png","medium_large-width":768,"medium_large-height":313,"large":"https:\/\/harleyvicto.com\/wp-content\/uploads\/2017\/11\/placeholder-slider-main2-1024x417.png","large-width":1024,"large-height":417,"1536x1536":"https:\/\/harleyvicto.com\/wp-content\/uploads\/2017\/11\/placeholder-slider-main2.png","1536x1536-width":1170,"1536x1536-height":477,"2048x2048":"https:\/\/harleyvicto.com\/wp-content\/uploads\/2017\/11\/placeholder-slider-main2.png","2048x2048-width":1170,"2048x2048-height":477,"article-details":"https:\/\/harleyvicto.com\/wp-content\/uploads\/2017\/11\/placeholder-slider-main2-745x304.png","article-details-width":745,"article-details-height":304,"article-listing":"https:\/\/harleyvicto.com\/wp-content\/uploads\/2017\/11\/placeholder-slider-main2-745x304.png","article-listing-width":745,"article-listing-height":304,"event-details":"https:\/\/harleyvicto.com\/wp-content\/uploads\/2017\/11\/placeholder-slider-main2-745x304.png","event-details-width":745,"event-details-height":304,"event-listing":"https:\/\/harleyvicto.com\/wp-content\/uploads\/2017\/11\/placeholder-slider-main2-745x304.png","event-listing-width":745,"event-listing-height":304,"feat-article":"https:\/\/harleyvicto.com\/wp-content\/uploads\/2017\/11\/placeholder-slider-main2-720x294.png","feat-article-width":720,"feat-article-height":294,"feat-cta":"https:\/\/harleyvicto.com\/wp-content\/uploads\/2017\/11\/placeholder-slider-main2-745x304.png","feat-cta-width":745,"feat-cta-height":304,"feat-content":"https:\/\/harleyvicto.com\/wp-content\/uploads\/2017\/11\/placeholder-slider-main2-745x304.png","feat-content-width":745,"feat-content-height":304,"feat-event":"https:\/\/harleyvicto.com\/wp-content\/uploads\/2017\/11\/placeholder-slider-main2-720x294.png","feat-event-width":720,"feat-event-height":294,"feat-makes":"https:\/\/harleyvicto.com\/wp-content\/uploads\/2017\/11\/placeholder-slider-main2-196x80.png","feat-makes-width":196,"feat-makes-height":80,"feat-related":"https:\/\/harleyvicto.com\/wp-content\/uploads\/2017\/11\/placeholder-slider-main2-720x294.png","feat-related-width":720,"feat-related-height":294,"filter-category":"https:\/\/harleyvicto.com\/wp-content\/uploads\/2017\/11\/placeholder-slider-main2.png","filter-category-width":486,"filter-category-height":198,"products-listing-new":"https:\/\/harleyvicto.com\/wp-content\/uploads\/2017\/11\/placeholder-slider-main2-460x188.png","products-listing-new-width":460,"products-listing-new-height":188,"products-gallery":"https:\/\/harleyvicto.com\/wp-content\/uploads\/2017\/11\/placeholder-slider-main2-745x304.png","products-gallery-width":745,"products-gallery-height":304,"promos-details":"https:\/\/harleyvicto.com\/wp-content\/uploads\/2017\/11\/placeholder-slider-main2-745x304.png","promos-details-width":745,"promos-details-height":304,"promos-listing":"https:\/\/harleyvicto.com\/wp-content\/uploads\/2017\/11\/placeholder-slider-main2-745x304.png","promos-listing-width":745,"promos-listing-height":304,"relative-product-article":"https:\/\/harleyvicto.com\/wp-content\/uploads\/2017\/11\/placeholder-slider-main2-745x304.png","relative-product-article-width":745,"relative-product-article-height":304,"relative-product-event":"https:\/\/harleyvicto.com\/wp-content\/uploads\/2017\/11\/placeholder-slider-main2-745x304.png","relative-product-event-width":745,"relative-product-event-height":304,"relative-product-new":"https:\/\/harleyvicto.com\/wp-content\/uploads\/2017\/11\/placeholder-slider-main2-690x281.png","relative-product-new-width":690,"relative-product-new-height":281,"relative-product-promo":"https:\/\/harleyvicto.com\/wp-content\/uploads\/2017\/11\/placeholder-slider-main2-745x304.png","relative-product-promo-width":745,"relative-product-promo-height":304,"slider-main":"https:\/\/harleyvicto.com\/wp-content\/uploads\/2017\/11\/placeholder-slider-main2-1168x476.png","slider-main-width":1168,"slider-main-height":476,"slider-main-mobile":"https:\/\/harleyvicto.com\/wp-content\/uploads\/2017\/11\/placeholder-slider-main2-991x404.png","slider-main-mobile-width":991,"slider-main-mobile-height":404,"slider-main-fullwidth":"https:\/\/harleyvicto.com\/wp-content\/uploads\/2017\/11\/placeholder-slider-main2.png","slider-main-fullwidth-width":1170,"slider-main-fullwidth-height":477,"slider-main-fullwidth-narrow":"https:\/\/harleyvicto.com\/wp-content\/uploads\/2017\/11\/placeholder-slider-main2.png","slider-main-fullwidth-narrow-width":1170,"slider-main-fullwidth-narrow-height":477,"map-footer":"https:\/\/harleyvicto.com\/wp-content\/uploads\/2017\/11\/placeholder-slider-main2-1170x400.png","map-footer-width":1170,"map-footer-height":400,"map-footer-mobile":"https:\/\/harleyvicto.com\/wp-content\/uploads\/2017\/11\/placeholder-slider-main2-991x404.png","map-footer-mobile-width":991,"map-footer-mobile-height":404,"map-footer-fullwidth":"https:\/\/harleyvicto.com\/wp-content\/uploads\/2017\/11\/placeholder-slider-main2-1170x400.png","map-footer-fullwidth-width":1170,"map-footer-fullwidth-height":400,"map-footer-fullwidth-narrow":"https:\/\/harleyvicto.com\/wp-content\/uploads\/2017\/11\/placeholder-slider-main2-1170x400.png","map-footer-fullwidth-narrow-width":1170,"map-footer-fullwidth-narrow-height":400,"team-listing":"https:\/\/harleyvicto.com\/wp-content\/uploads\/2017\/11\/placeholder-slider-main2-450x183.png","team-listing-width":450,"team-listing-height":183,"team-sidebar":"https:\/\/harleyvicto.com\/wp-content\/uploads\/2017\/11\/placeholder-slider-main2-720x294.png","team-sidebar-width":720,"team-sidebar-height":294,"history-timeline":"https:\/\/harleyvicto.com\/wp-content\/uploads\/2017\/11\/placeholder-slider-main2-380x155.png","history-timeline-width":380,"history-timeline-height":155,"automatic-popup":"https:\/\/harleyvicto.com\/wp-content\/uploads\/2017\/11\/placeholder-slider-main2.png","automatic-popup-width":770,"automatic-popup-height":314,"wc-feat-brands":"https:\/\/harleyvicto.com\/wp-content\/uploads\/2017\/11\/placeholder-slider-main2-184x75.png","wc-feat-brands-width":184,"wc-feat-brands-height":75,"wc-products-details-brands":"https:\/\/harleyvicto.com\/wp-content\/uploads\/2017\/11\/placeholder-slider-main2-184x75.png","wc-products-details-brands-width":184,"wc-products-details-brands-height":75}},{"ID":353,"id":353,"title":"placeholder-slider-main","filename":"placeholder-slider-main-1.png","filesize":2668,"url":"https:\/\/harleyvicto.com\/wp-content\/uploads\/2017\/11\/placeholder-slider-main-1.png","link":"https:\/\/harleyvicto.com\/fr\/placeholder-slider-main\/","alt":"","author":"1","description":"","caption":"","name":"placeholder-slider-main","status":"inherit","uploaded_to":0,"date":"2017-11-09 20:58:22","modified":"2019-04-16 19:48:02","menu_order":0,"mime_type":"image\/png","type":"image","subtype":"png","icon":"https:\/\/harleyvicto.com\/wp-includes\/images\/media\/default.png","width":1170,"height":477,"sizes":{"thumbnail":"https:\/\/harleyvicto.com\/wp-content\/uploads\/2017\/11\/placeholder-slider-main-1-150x150.png","thumbnail-width":150,"thumbnail-height":150,"medium":"https:\/\/harleyvicto.com\/wp-content\/uploads\/2017\/11\/placeholder-slider-main-1-300x122.png","medium-width":300,"medium-height":122,"medium_large":"https:\/\/harleyvicto.com\/wp-content\/uploads\/2017\/11\/placeholder-slider-main-1-768x313.png","medium_large-width":768,"medium_large-height":313,"large":"https:\/\/harleyvicto.com\/wp-content\/uploads\/2017\/11\/placeholder-slider-main-1-1024x417.png","large-width":1024,"large-height":417,"1536x1536":"https:\/\/harleyvicto.com\/wp-content\/uploads\/2017\/11\/placeholder-slider-main-1.png","1536x1536-width":1170,"1536x1536-height":477,"2048x2048":"https:\/\/harleyvicto.com\/wp-content\/uploads\/2017\/11\/placeholder-slider-main-1.png","2048x2048-width":1170,"2048x2048-height":477,"article-details":"https:\/\/harleyvicto.com\/wp-content\/uploads\/2017\/11\/placeholder-slider-main-1-745x304.png","article-details-width":745,"article-details-height":304,"article-listing":"https:\/\/harleyvicto.com\/wp-content\/uploads\/2017\/11\/placeholder-slider-main-1-745x304.png","article-listing-width":745,"article-listing-height":304,"event-details":"https:\/\/harleyvicto.com\/wp-content\/uploads\/2017\/11\/placeholder-slider-main-1-745x304.png","event-details-width":745,"event-details-height":304,"event-listing":"https:\/\/harleyvicto.com\/wp-content\/uploads\/2017\/11\/placeholder-slider-main-1-745x304.png","event-listing-width":745,"event-listing-height":304,"feat-article":"https:\/\/harleyvicto.com\/wp-content\/uploads\/2017\/11\/placeholder-slider-main-1-720x294.png","feat-article-width":720,"feat-article-height":294,"feat-cta":"https:\/\/harleyvicto.com\/wp-content\/uploads\/2017\/11\/placeholder-slider-main-1-745x304.png","feat-cta-width":745,"feat-cta-height":304,"feat-content":"https:\/\/harleyvicto.com\/wp-content\/uploads\/2017\/11\/placeholder-slider-main-1-745x304.png","feat-content-width":745,"feat-content-height":304,"feat-event":"https:\/\/harleyvicto.com\/wp-content\/uploads\/2017\/11\/placeholder-slider-main-1-720x294.png","feat-event-width":720,"feat-event-height":294,"feat-makes":"https:\/\/harleyvicto.com\/wp-content\/uploads\/2017\/11\/placeholder-slider-main-1-196x80.png","feat-makes-width":196,"feat-makes-height":80,"feat-related":"https:\/\/harleyvicto.com\/wp-content\/uploads\/2017\/11\/placeholder-slider-main-1-720x294.png","feat-related-width":720,"feat-related-height":294,"filter-category":"https:\/\/harleyvicto.com\/wp-content\/uploads\/2017\/11\/placeholder-slider-main-1.png","filter-category-width":486,"filter-category-height":198,"products-listing-new":"https:\/\/harleyvicto.com\/wp-content\/uploads\/2017\/11\/placeholder-slider-main-1-460x188.png","products-listing-new-width":460,"products-listing-new-height":188,"products-gallery":"https:\/\/harleyvicto.com\/wp-content\/uploads\/2017\/11\/placeholder-slider-main-1-745x304.png","products-gallery-width":745,"products-gallery-height":304,"promos-details":"https:\/\/harleyvicto.com\/wp-content\/uploads\/2017\/11\/placeholder-slider-main-1-745x304.png","promos-details-width":745,"promos-details-height":304,"promos-listing":"https:\/\/harleyvicto.com\/wp-content\/uploads\/2017\/11\/placeholder-slider-main-1-745x304.png","promos-listing-width":745,"promos-listing-height":304,"relative-product-article":"https:\/\/harleyvicto.com\/wp-content\/uploads\/2017\/11\/placeholder-slider-main-1-745x304.png","relative-product-article-width":745,"relative-product-article-height":304,"relative-product-event":"https:\/\/harleyvicto.com\/wp-content\/uploads\/2017\/11\/placeholder-slider-main-1-745x304.png","relative-product-event-width":745,"relative-product-event-height":304,"relative-product-new":"https:\/\/harleyvicto.com\/wp-content\/uploads\/2017\/11\/placeholder-slider-main-1-690x281.png","relative-product-new-width":690,"relative-product-new-height":281,"relative-product-promo":"https:\/\/harleyvicto.com\/wp-content\/uploads\/2017\/11\/placeholder-slider-main-1-745x304.png","relative-product-promo-width":745,"relative-product-promo-height":304,"slider-main":"https:\/\/harleyvicto.com\/wp-content\/uploads\/2017\/11\/placeholder-slider-main-1-1168x476.png","slider-main-width":1168,"slider-main-height":476,"slider-main-mobile":"https:\/\/harleyvicto.com\/wp-content\/uploads\/2017\/11\/placeholder-slider-main-1-991x404.png","slider-main-mobile-width":991,"slider-main-mobile-height":404,"slider-main-fullwidth":"https:\/\/harleyvicto.com\/wp-content\/uploads\/2017\/11\/placeholder-slider-main-1.png","slider-main-fullwidth-width":1170,"slider-main-fullwidth-height":477,"slider-main-fullwidth-narrow":"https:\/\/harleyvicto.com\/wp-content\/uploads\/2017\/11\/placeholder-slider-main-1.png","slider-main-fullwidth-narrow-width":1170,"slider-main-fullwidth-narrow-height":477,"map-footer":"https:\/\/harleyvicto.com\/wp-content\/uploads\/2017\/11\/placeholder-slider-main-1-1170x400.png","map-footer-width":1170,"map-footer-height":400,"map-footer-mobile":"https:\/\/harleyvicto.com\/wp-content\/uploads\/2017\/11\/placeholder-slider-main-1-991x404.png","map-footer-mobile-width":991,"map-footer-mobile-height":404,"map-footer-fullwidth":"https:\/\/harleyvicto.com\/wp-content\/uploads\/2017\/11\/placeholder-slider-main-1-1170x400.png","map-footer-fullwidth-width":1170,"map-footer-fullwidth-height":400,"map-footer-fullwidth-narrow":"https:\/\/harleyvicto.com\/wp-content\/uploads\/2017\/11\/placeholder-slider-main-1-1170x400.png","map-footer-fullwidth-narrow-width":1170,"map-footer-fullwidth-narrow-height":400,"team-listing":"https:\/\/harleyvicto.com\/wp-content\/uploads\/2017\/11\/placeholder-slider-main-1-450x183.png","team-listing-width":450,"team-listing-height":183,"team-sidebar":"https:\/\/harleyvicto.com\/wp-content\/uploads\/2017\/11\/placeholder-slider-main-1-720x294.png","team-sidebar-width":720,"team-sidebar-height":294,"history-timeline":"https:\/\/harleyvicto.com\/wp-content\/uploads\/2017\/11\/placeholder-slider-main-1-380x155.png","history-timeline-width":380,"history-timeline-height":155,"automatic-popup":"https:\/\/harleyvicto.com\/wp-content\/uploads\/2017\/11\/placeholder-slider-main-1.png","automatic-popup-width":770,"automatic-popup-height":314,"wc-feat-brands":"https:\/\/harleyvicto.com\/wp-content\/uploads\/2017\/11\/placeholder-slider-main-1-184x75.png","wc-feat-brands-width":184,"wc-feat-brands-height":75,"wc-products-details-brands":"https:\/\/harleyvicto.com\/wp-content\/uploads\/2017\/11\/placeholder-slider-main-1-184x75.png","wc-products-details-brands-width":184,"wc-products-details-brands-height":75}}],"contact_form_custom_html_id":"","contact_form_custom_form_id":false},"_links":{"self":[{"href":"https:\/\/harleyvicto.com\/fr\/wp-json\/wp\/v2\/pages\/293"}],"collection":[{"href":"https:\/\/harleyvicto.com\/fr\/wp-json\/wp\/v2\/pages"}],"about":[{"href":"https:\/\/harleyvicto.com\/fr\/wp-json\/wp\/v2\/types\/page"}],"author":[{"embeddable":true,"href":"https:\/\/harleyvicto.com\/fr\/wp-json\/wp\/v2\/users\/1"}],"replies":[{"embeddable":true,"href":"https:\/\/harleyvicto.com\/fr\/wp-json\/wp\/v2\/comments?post=293"}],"version-history":[{"count":21,"href":"https:\/\/harleyvicto.com\/fr\/wp-json\/wp\/v2\/pages\/293\/revisions"}],"predecessor-version":[{"id":29743,"href":"https:\/\/harleyvicto.com\/fr\/wp-json\/wp\/v2\/pages\/293\/revisions\/29743"}],"wp:attachment":[{"href":"https:\/\/harleyvicto.com\/fr\/wp-json\/wp\/v2\/media?parent=293"}],"curies":[{"name":"wp","href":"https:\/\/api.w.org\/{rel}","templated":true}]}}